{"id":5202,"date":"2023-04-03T12:26:12","date_gmt":"2023-04-03T12:26:12","guid":{"rendered":"https:\/\/naturopatiamujeres.com\/?page_id=5202"},"modified":"2026-04-10T07:00:03","modified_gmt":"2026-04-10T07:00:03","slug":"autonomos","status":"publish","type":"page","link":"https:\/\/naturopatiamujeres.com\/","title":{"rendered":"Inicio"},"content":{"rendered":"\t\t<div data-elementor-type=\"wp-page\" data-elementor-id=\"5202\" class=\"elementor elementor-5202\" data-elementor-settings=\"{&quot;ha_cmc_init_switcher&quot;:&quot;no&quot;}\">\n\t\t\t\t<div class=\"elementor-element elementor-element-91edb98 e-flex e-con-boxed wpr-particle-no wpr-jarallax-no wpr-parallax-no wpr-sticky-section-no e-con e-parent\" data-id=\"91edb98\" data-element_type=\"container\" data-settings=\"{&quot;_ha_eqh_enable&quot;:false}\">\n\t\t\t\t\t<div class=\"e-con-inner\">\n\t\t\t\t<div class=\"elementor-element elementor-element-005bd35 title-span elementor-widget elementor-widget-heading\" data-id=\"005bd35\" data-element_type=\"widget\" data-widget_type=\"heading.default\">\n\t\t\t\t\t<h2 class=\"elementor-heading-title elementor-size-default\">Un espacio hol\u00edstico e integrativo para mujeres que han decidido cuidarse de verdad, sin importar su edad. Online\/Presencial.<\/h2>\t\t\t\t<\/div>\n\t\t\t\t<div class=\"elementor-element elementor-element-105b4eb elementor-widget elementor-widget-heading\" data-id=\"105b4eb\" data-element_type=\"widget\" data-widget_type=\"heading.default\">\n\t\t\t\t\t<h2 class=\"elementor-heading-title elementor-size-default\">Naturopatia integrativa-Inteligencia emocional-Health Coaching-Ayurveda-Programas y Cursos<\/h2>\t\t\t\t<\/div>\n\t\t\t\t<div class=\"elementor-element elementor-element-3da0c49 elementor-widget elementor-widget-image\" data-id=\"3da0c49\" data-element_type=\"widget\" data-widget_type=\"image.default\">\n\t\t\t\t\t\t\t\t\t\t\t\t\t\t\t<img fetchpriority=\"high\" decoding=\"async\" width=\"1024\" height=\"683\" src=\"https:\/\/naturopatiamujeres.com\/wp-content\/uploads\/2025\/03\/naturopatia-para-mujeres-9-1024x683.jpg\" class=\"attachment-large size-large wp-image-5480\" alt=\"\" srcset=\"https:\/\/naturopatiamujeres.com\/wp-content\/uploads\/2025\/03\/naturopatia-para-mujeres-9-1024x683.jpg 1024w, https:\/\/naturopatiamujeres.com\/wp-content\/uploads\/2025\/03\/naturopatia-para-mujeres-9-300x200.jpg 300w, https:\/\/naturopatiamujeres.com\/wp-content\/uploads\/2025\/03\/naturopatia-para-mujeres-9-768x512.jpg 768w, https:\/\/naturopatiamujeres.com\/wp-content\/uploads\/2025\/03\/naturopatia-para-mujeres-9.jpg 1536w\" sizes=\"(max-width: 1024px) 100vw, 1024px\" \/>\t\t\t\t\t\t\t\t\t\t\t\t\t\t\t<\/div>\n\t\t\t\t<div class=\"elementor-element elementor-element-7789fd3 elementor-widget elementor-widget-text-editor\" data-id=\"7789fd3\" data-element_type=\"widget\" data-widget_type=\"text-editor.default\">\n\t\t\t\t\t\t\t\t\t<h3>Bienvenida a <a class=\"ng-star-inserted\" href=\"https:\/\/www.naturopatiamujeres.com\" target=\"_blank\" rel=\"noopener\" data-hveid=\"0\" data-ved=\"0CAAQ_4QMahgKEwjtgr_75t2TAxUAAAAAHQAAAAAQ7ws\">www.naturopatiamujeres.com<\/a><br \/>Tu espacio de salud natural, emocional y bienestar integrativo.<\/h3><h3 data-path-to-node=\"5\"><br \/>Un lugar \u00fanico dise\u00f1ado para la mujer que desea cuidarse de verdad.<\/h3><p data-path-to-node=\"6\">En un mundo lleno de soluciones r\u00e1pidas y artificiales, nace <b data-path-to-node=\"6\" data-index-in-node=\"61\">Naturopat\u00eda Mujeres<\/b>, un espacio hol\u00edstico e integrador dedicado exclusivamente a la salud femenina en todas sus etapas. Aqu\u00ed, la edad es solo un n\u00famero y el bienestar es el camino. Que vivas aqui en Madrid, o en culaquier parte de Espa\u00f1a, puedes beneficiarte de nuestros servicios online.<\/p><h3 data-path-to-node=\"7\">\u00bfPor qu\u00e9 elegir un enfoque natural y experto?<\/h3><p data-path-to-node=\"8\">Sabemos que el cuerpo de la mujer tiene ritmos y necesidades \u00fanicas. Por ello, en este sitio no solo encontrar\u00e1s consejos, sino un <b data-path-to-node=\"8\" data-index-in-node=\"131\">acompa\u00f1amiento experto<\/b> basado en la naturopat\u00eda aplicada. Mi misi\u00f3n es ayudarte a recuperar tu equilibrio vital utilizando las herramientas que la naturaleza nos brinda, respaldadas por la experiencia profesional de m\u00e1s de 30 a\u00f1os.<\/p><h3 data-path-to-node=\"9\">Lo que hace que este sitio sea \u00fanico:<\/h3><ul data-path-to-node=\"10\"><li><p data-path-to-node=\"10,0,0\"><b data-path-to-node=\"10,0,0\" data-index-in-node=\"0\">Enfoque Hol\u00edstico e Integrador:<\/b> No tratamos s\u00edntomas aislados; te vemos como un todo (cuerpo, mente y emociones).<\/p><\/li><li><p data-path-to-node=\"10,1,0\"><b data-path-to-node=\"10,1,0\" data-index-in-node=\"0\">Especializaci\u00f3n Femenina:<\/b> Un portal creado espec\u00edficamente para abordar los retos hormonales, metab\u00f3licos y emocionales de la mujer.<\/p><\/li><li><p data-path-to-node=\"10,2,0\"><b data-path-to-node=\"10,2,0\" data-index-in-node=\"0\">Cuidado Real (Sin importar la edad):<\/b> Ya est\u00e9s en tu etapa f\u00e9rtil, en la transici\u00f3n a la menopausia o buscando vitalidad en la madurez, aqu\u00ed tienes tu hogar.<\/p><\/li><li><p data-path-to-node=\"10,3,0\"><b data-path-to-node=\"10,3,0\" data-index-in-node=\"0\">Salud con Base Cient\u00edfica y Natural:<\/b> Combinamos la sabidur\u00eda de la naturaleza con el rigor del liderazgo personal.<\/p><\/li><\/ul><h4 data-path-to-node=\"12\">Lidera tu salud, abraza tu naturaleza<\/h4><p data-path-to-node=\"13\">En <b data-path-to-node=\"13\" data-index-in-node=\"3\"><a class=\"ng-star-inserted\" href=\"https:\/\/www.naturopatiamujeres.com\" target=\"_blank\" rel=\"noopener\" data-hveid=\"0\" data-ved=\"0CAAQ_4QMahgKEwjtgr_75t2TAxUAAAAAHQAAAAAQ8As\">www.naturopatiamujeres.com<\/a><\/b> creemos que cuidarse de verdad significa escuchar al cuerpo y darle lo que necesita para sanar y brillar desde el interior. Es hora de dejar atr\u00e1s los parches temporales y comenzar un proceso de transformaci\u00f3n real.<\/p><p><b style=\"font-style: inherit;\" data-path-to-node=\"14,0\" data-index-in-node=\"0\">\u00abLa verdadera belleza y salud nacen de un equilibrio profundo. Bienvenida al inicio de tu nueva etapa.\u00bb<br \/><\/b><span style=\"font-size: 16px;\">Coach Dr. Apollinaire.<\/span><\/p>\t\t\t\t\t\t\t\t<\/div>\n\t\t\t\t<div class=\"elementor-element elementor-element-2f860d1 elementor-widget elementor-widget-image\" data-id=\"2f860d1\" data-element_type=\"widget\" data-widget_type=\"image.default\">\n\t\t\t\t\t\t\t\t\t\t\t\t\t\t\t<img decoding=\"async\" width=\"1024\" height=\"559\" src=\"https:\/\/naturopatiamujeres.com\/wp-content\/uploads\/2026\/04\/mujer.jpg\" class=\"attachment-large size-large wp-image-5577\" alt=\"\" srcset=\"https:\/\/naturopatiamujeres.com\/wp-content\/uploads\/2026\/04\/mujer.jpg 1024w, https:\/\/naturopatiamujeres.com\/wp-content\/uploads\/2026\/04\/mujer-300x164.jpg 300w, https:\/\/naturopatiamujeres.com\/wp-content\/uploads\/2026\/04\/mujer-768x419.jpg 768w\" sizes=\"(max-width: 1024px) 100vw, 1024px\" \/>\t\t\t\t\t\t\t\t\t\t\t\t\t\t\t<\/div>\n\t\t\t\t\t<\/div>\n\t\t\t\t<\/div>\n\t\t\t\t<\/div>\n\t\t","protected":false},"excerpt":{"rendered":"<p>Un espacio hol\u00edstico e integrativo para mujeres que han decidido cuidarse de verdad, sin importar su edad. Online\/Presencial. Naturopatia integrativa-Inteligencia emocional-Health Coaching-Ayurveda-Programas y Cursos Bienvenida a www.naturopatiamujeres.comTu espacio de salud natural, emocional y bienestar integrativo. Un lugar \u00fanico dise\u00f1ado para la mujer que desea cuidarse de verdad. En un mundo lleno de soluciones r\u00e1pidas y artificiales, nace Naturopat\u00eda Mujeres, un espacio hol\u00edstico e integrador dedicado exclusivamente a la salud femenina en todas sus etapas. Aqu\u00ed, la edad es solo un n\u00famero y el bienestar es el camino. Que vivas aqui en Madrid, o en culaquier parte de Espa\u00f1a, puedes beneficiarte de nuestros servicios online. \u00bfPor qu\u00e9 elegir un enfoque natural y experto? Sabemos que el cuerpo de la mujer tiene ritmos y necesidades \u00fanicas. Por ello, en este sitio no solo encontrar\u00e1s consejos, sino un acompa\u00f1amiento experto basado en la naturopat\u00eda aplicada. Mi misi\u00f3n es ayudarte a recuperar tu equilibrio vital utilizando las herramientas que la naturaleza nos brinda, respaldadas por la experiencia profesional de m\u00e1s de 30 a\u00f1os. Lo que hace que este sitio sea \u00fanico: Enfoque Hol\u00edstico e Integrador: No tratamos s\u00edntomas aislados; te vemos como un todo (cuerpo, mente y emociones). Especializaci\u00f3n Femenina: Un portal creado espec\u00edficamente para abordar los retos hormonales, metab\u00f3licos y emocionales de la mujer. Cuidado Real (Sin importar la edad): Ya est\u00e9s en tu etapa f\u00e9rtil, en la transici\u00f3n a la menopausia o buscando vitalidad en la madurez, aqu\u00ed tienes tu hogar. Salud con Base Cient\u00edfica y Natural: Combinamos la sabidur\u00eda de la naturaleza con el rigor del liderazgo personal. Lidera tu salud, abraza tu naturaleza En www.naturopatiamujeres.com creemos que cuidarse de verdad significa escuchar al cuerpo y darle lo que necesita para sanar y brillar desde el interior. Es hora de dejar atr\u00e1s los parches temporales y comenzar un proceso de transformaci\u00f3n real. \u00abLa verdadera belleza y salud nacen de un equilibrio profundo. Bienvenida al inicio de tu nueva etapa.\u00bbCoach Dr. Apollinaire.<\/p>\n","protected":false},"author":1,"featured_media":0,"parent":0,"menu_order":0,"comment_status":"closed","ping_status":"closed","template":"elementor_header_footer","meta":{"site-sidebar-layout":"no-sidebar","site-content-layout":"","ast-site-content-layout":"full-width-container","site-content-style":"default","site-sidebar-style":"default","ast-global-header-display":"","ast-banner-title-visibility":"","ast-main-header-display":"","ast-hfb-above-header-display":"","ast-hfb-below-header-display":"","ast-hfb-mobile-header-display":"","site-post-title":"","ast-breadcrumbs-content":"","ast-featured-img":"disabled","footer-sml-layout":"","theme-transparent-header-meta":"","adv-header-id-meta":"","stick-header-meta":"","header-above-stick-meta":"","header-main-stick-meta":"","header-below-stick-meta":"","astra-migrate-meta-layouts":"default","ast-page-background-enabled":"default","ast-page-background-meta":{"desktop":{"background-color":"var(--ast-global-color-5)","background-image":"","background-repeat":"repeat","background-position":"center center","background-size":"auto","background-attachment":"scroll","background-type":"","background-media":"","overlay-type":"","overlay-color":"","overlay-opacity":"","overlay-gradient":""},"tablet":{"background-color":"","background-image":"","background-repeat":"repeat","background-position":"center center","background-size":"auto","background-attachment":"scroll","background-type":"","background-media":"","overlay-type":"","overlay-color":"","overlay-opacity":"","overlay-gradient":""},"mobile":{"background-color":"","background-image":"","background-repeat":"repeat","background-position":"center center","background-size":"auto","background-attachment":"scroll","background-type":"","background-media":"","overlay-type":"","overlay-color":"","overlay-opacity":"","overlay-gradient":""}},"ast-content-background-meta":{"desktop":{"background-color":"var(--ast-global-color-4)","background-image":"","background-repeat":"repeat","background-position":"center center","background-size":"auto","background-attachment":"scroll","background-type":"","background-media":"","overlay-type":"","overlay-color":"","overlay-opacity":"","overlay-gradient":""},"tablet":{"background-color":"var(--ast-global-color-4)","background-image":"","background-repeat":"repeat","background-position":"center center","background-size":"auto","background-attachment":"scroll","background-type":"","background-media":"","overlay-type":"","overlay-color":"","overlay-opacity":"","overlay-gradient":""},"mobile":{"background-color":"var(--ast-global-color-4)","background-image":"","background-repeat":"repeat","background-position":"center center","background-size":"auto","background-attachment":"scroll","background-type":"","background-media":"","overlay-type":"","overlay-color":"","overlay-opacity":"","overlay-gradient":""}},"_joinchat":[],"footnotes":""},"class_list":["post-5202","page","type-page","status-publish","hentry"],"yoast_head":"<!-- This site is optimized with the Yoast SEO plugin v27.3 - https:\/\/yoast.com\/product\/yoast-seo-wordpress\/ -->\n<title>Inicio - Naturopat\u00eda integrativa para mujeres en Espa\u00f1a, Coaching salud femenina<\/title>\n<meta name=\"description\" content=\"3 meses de coaching para adelgazar sin dietas, mejorar tu energ\u00eda, autoestima y h\u00e1bitos, logrando resultados sostenibles y naturales.\" \/>\n<meta name=\"robots\" content=\"noindex, follow, max-snippet:-1, max-image-preview:large, max-video-preview:-1\" \/>\n<meta property=\"og:locale\" content=\"es_ES\" \/>\n<meta property=\"og:type\" content=\"article\" \/>\n<meta property=\"og:title\" content=\"Inicio - Naturopat\u00eda integrativa para mujeres en Espa\u00f1a, Coaching salud femenina\" \/>\n<meta property=\"og:description\" content=\"3 meses de coaching para adelgazar sin dietas, mejorar tu energ\u00eda, autoestima y h\u00e1bitos, logrando resultados sostenibles y naturales.\" \/>\n<meta property=\"og:url\" content=\"https:\/\/naturopatiamujeres.com\/\" \/>\n<meta property=\"og:site_name\" content=\"Naturopat\u00eda integrativa para mujeres en Espa\u00f1a, Coaching salud femenina\" \/>\n<meta property=\"article:modified_time\" content=\"2026-04-10T07:00:03+00:00\" \/>\n<meta property=\"og:image\" content=\"https:\/\/naturopatiamujeres.com\/wp-content\/uploads\/2025\/03\/naturopatia-para-mujeres-9-1024x683.jpg\" \/>\n<meta name=\"twitter:card\" content=\"summary_large_image\" \/>\n<meta name=\"twitter:label1\" content=\"Tiempo de lectura\" \/>\n\t<meta name=\"twitter:data1\" content=\"2 minutos\" \/>\n<script type=\"application\/ld+json\" class=\"yoast-schema-graph\">{\"@context\":\"https:\\\/\\\/schema.org\",\"@graph\":[{\"@type\":\"WebPage\",\"@id\":\"https:\\\/\\\/naturopatiamujeres.com\\\/\",\"url\":\"https:\\\/\\\/naturopatiamujeres.com\\\/\",\"name\":\"Inicio - Naturopat\u00eda integrativa para mujeres en Espa\u00f1a, Coaching salud femenina\",\"isPartOf\":{\"@id\":\"https:\\\/\\\/naturopatiamujeres.com\\\/#website\"},\"primaryImageOfPage\":{\"@id\":\"https:\\\/\\\/naturopatiamujeres.com\\\/#primaryimage\"},\"image\":{\"@id\":\"https:\\\/\\\/naturopatiamujeres.com\\\/#primaryimage\"},\"thumbnailUrl\":\"https:\\\/\\\/naturopatiamujeres.com\\\/wp-content\\\/uploads\\\/2025\\\/03\\\/naturopatia-para-mujeres-9-1024x683.jpg\",\"datePublished\":\"2023-04-03T12:26:12+00:00\",\"dateModified\":\"2026-04-10T07:00:03+00:00\",\"description\":\"3 meses de coaching para adelgazar sin dietas, mejorar tu energ\u00eda, autoestima y h\u00e1bitos, logrando resultados sostenibles y naturales.\",\"breadcrumb\":{\"@id\":\"https:\\\/\\\/naturopatiamujeres.com\\\/#breadcrumb\"},\"inLanguage\":\"es\",\"potentialAction\":[{\"@type\":\"ReadAction\",\"target\":[\"https:\\\/\\\/naturopatiamujeres.com\\\/\"]}]},{\"@type\":\"ImageObject\",\"inLanguage\":\"es\",\"@id\":\"https:\\\/\\\/naturopatiamujeres.com\\\/#primaryimage\",\"url\":\"https:\\\/\\\/naturopatiamujeres.com\\\/wp-content\\\/uploads\\\/2025\\\/03\\\/naturopatia-para-mujeres-9.jpg\",\"contentUrl\":\"https:\\\/\\\/naturopatiamujeres.com\\\/wp-content\\\/uploads\\\/2025\\\/03\\\/naturopatia-para-mujeres-9.jpg\",\"width\":1536,\"height\":1024},{\"@type\":\"BreadcrumbList\",\"@id\":\"https:\\\/\\\/naturopatiamujeres.com\\\/#breadcrumb\",\"itemListElement\":[{\"@type\":\"ListItem\",\"position\":1,\"name\":\"Portada\",\"item\":\"https:\\\/\\\/naturopatiamujeres.com\\\/\"},{\"@type\":\"ListItem\",\"position\":2,\"name\":\"Inicio\"}]},{\"@type\":\"WebSite\",\"@id\":\"https:\\\/\\\/naturopatiamujeres.com\\\/#website\",\"url\":\"https:\\\/\\\/naturopatiamujeres.com\\\/\",\"name\":\"Naturopat\u00eda integrativa para mujeres en Espa\u00f1a, Coaching salud femenina\",\"description\":\"Naturopat\u00eda integrativa para mujeres en Espa\u00f1a, Coaching salud femenina\",\"potentialAction\":[{\"@type\":\"SearchAction\",\"target\":{\"@type\":\"EntryPoint\",\"urlTemplate\":\"https:\\\/\\\/naturopatiamujeres.com\\\/?s={search_term_string}\"},\"query-input\":{\"@type\":\"PropertyValueSpecification\",\"valueRequired\":true,\"valueName\":\"search_term_string\"}}],\"inLanguage\":\"es\"}]}<\/script>\n<!-- \/ Yoast SEO plugin. -->","yoast_head_json":{"title":"Inicio - Naturopat\u00eda integrativa para mujeres en Espa\u00f1a, Coaching salud femenina","description":"3 meses de coaching para adelgazar sin dietas, mejorar tu energ\u00eda, autoestima y h\u00e1bitos, logrando resultados sostenibles y naturales.","robots":{"index":"noindex","follow":"follow","max-snippet":"max-snippet:-1","max-image-preview":"max-image-preview:large","max-video-preview":"max-video-preview:-1"},"og_locale":"es_ES","og_type":"article","og_title":"Inicio - Naturopat\u00eda integrativa para mujeres en Espa\u00f1a, Coaching salud femenina","og_description":"3 meses de coaching para adelgazar sin dietas, mejorar tu energ\u00eda, autoestima y h\u00e1bitos, logrando resultados sostenibles y naturales.","og_url":"https:\/\/naturopatiamujeres.com\/","og_site_name":"Naturopat\u00eda integrativa para mujeres en Espa\u00f1a, Coaching salud femenina","article_modified_time":"2026-04-10T07:00:03+00:00","og_image":[{"url":"https:\/\/naturopatiamujeres.com\/wp-content\/uploads\/2025\/03\/naturopatia-para-mujeres-9-1024x683.jpg","type":"","width":"","height":""}],"twitter_card":"summary_large_image","twitter_misc":{"Tiempo de lectura":"2 minutos"},"schema":{"@context":"https:\/\/schema.org","@graph":[{"@type":"WebPage","@id":"https:\/\/naturopatiamujeres.com\/","url":"https:\/\/naturopatiamujeres.com\/","name":"Inicio - Naturopat\u00eda integrativa para mujeres en Espa\u00f1a, Coaching salud femenina","isPartOf":{"@id":"https:\/\/naturopatiamujeres.com\/#website"},"primaryImageOfPage":{"@id":"https:\/\/naturopatiamujeres.com\/#primaryimage"},"image":{"@id":"https:\/\/naturopatiamujeres.com\/#primaryimage"},"thumbnailUrl":"https:\/\/naturopatiamujeres.com\/wp-content\/uploads\/2025\/03\/naturopatia-para-mujeres-9-1024x683.jpg","datePublished":"2023-04-03T12:26:12+00:00","dateModified":"2026-04-10T07:00:03+00:00","description":"3 meses de coaching para adelgazar sin dietas, mejorar tu energ\u00eda, autoestima y h\u00e1bitos, logrando resultados sostenibles y naturales.","breadcrumb":{"@id":"https:\/\/naturopatiamujeres.com\/#breadcrumb"},"inLanguage":"es","potentialAction":[{"@type":"ReadAction","target":["https:\/\/naturopatiamujeres.com\/"]}]},{"@type":"ImageObject","inLanguage":"es","@id":"https:\/\/naturopatiamujeres.com\/#primaryimage","url":"https:\/\/naturopatiamujeres.com\/wp-content\/uploads\/2025\/03\/naturopatia-para-mujeres-9.jpg","contentUrl":"https:\/\/naturopatiamujeres.com\/wp-content\/uploads\/2025\/03\/naturopatia-para-mujeres-9.jpg","width":1536,"height":1024},{"@type":"BreadcrumbList","@id":"https:\/\/naturopatiamujeres.com\/#breadcrumb","itemListElement":[{"@type":"ListItem","position":1,"name":"Portada","item":"https:\/\/naturopatiamujeres.com\/"},{"@type":"ListItem","position":2,"name":"Inicio"}]},{"@type":"WebSite","@id":"https:\/\/naturopatiamujeres.com\/#website","url":"https:\/\/naturopatiamujeres.com\/","name":"Naturopat\u00eda integrativa para mujeres en Espa\u00f1a, Coaching salud femenina","description":"Naturopat\u00eda integrativa para mujeres en Espa\u00f1a, Coaching salud femenina","potentialAction":[{"@type":"SearchAction","target":{"@type":"EntryPoint","urlTemplate":"https:\/\/naturopatiamujeres.com\/?s={search_term_string}"},"query-input":{"@type":"PropertyValueSpecification","valueRequired":true,"valueName":"search_term_string"}}],"inLanguage":"es"}]}},"_links":{"self":[{"href":"https:\/\/naturopatiamujeres.com\/index.php?rest_route=\/wp\/v2\/pages\/5202","targetHints":{"allow":["GET"]}}],"collection":[{"href":"https:\/\/naturopatiamujeres.com\/index.php?rest_route=\/wp\/v2\/pages"}],"about":[{"href":"https:\/\/naturopatiamujeres.com\/index.php?rest_route=\/wp\/v2\/types\/page"}],"author":[{"embeddable":true,"href":"https:\/\/naturopatiamujeres.com\/index.php?rest_route=\/wp\/v2\/users\/1"}],"replies":[{"embeddable":true,"href":"https:\/\/naturopatiamujeres.com\/index.php?rest_route=%2Fwp%2Fv2%2Fcomments&post=5202"}],"version-history":[{"count":112,"href":"https:\/\/naturopatiamujeres.com\/index.php?rest_route=\/wp\/v2\/pages\/5202\/revisions"}],"predecessor-version":[{"id":5580,"href":"https:\/\/naturopatiamujeres.com\/index.php?rest_route=\/wp\/v2\/pages\/5202\/revisions\/5580"}],"wp:attachment":[{"href":"https:\/\/naturopatiamujeres.com\/index.php?rest_route=%2Fwp%2Fv2%2Fmedia&parent=5202"}],"curies":[{"name":"wp","href":"https:\/\/api.w.org\/{rel}","templated":true}]}}