{"id":5112,"date":"2023-03-16T14:34:18","date_gmt":"2023-03-16T14:34:18","guid":{"rendered":"https:\/\/naturopatiamujeres.com\/?page_id=5112"},"modified":"2026-04-09T14:25:19","modified_gmt":"2026-04-09T14:25:19","slug":"descarga-gratis","status":"publish","type":"page","link":"https:\/\/naturopatiamujeres.com\/descarga-gratis\/","title":{"rendered":"Gratis"},"content":{"rendered":"\t\t<div data-elementor-type=\"wp-page\" data-elementor-id=\"5112\" class=\"elementor elementor-5112\" data-elementor-settings=\"{&quot;ha_cmc_init_switcher&quot;:&quot;no&quot;}\">\n\t\t\t\t<div class=\"elementor-element elementor-element-91edb98 e-flex e-con-boxed wpr-particle-no wpr-jarallax-no wpr-parallax-no wpr-sticky-section-no e-con e-parent\" data-id=\"91edb98\" data-element_type=\"container\" data-settings=\"{&quot;_ha_eqh_enable&quot;:false}\">\n\t\t\t\t\t<div class=\"e-con-inner\">\n\t\t\t\t<div class=\"elementor-element elementor-element-005bd35 title-span elementor-widget elementor-widget-heading\" data-id=\"005bd35\" data-element_type=\"widget\" data-widget_type=\"heading.default\">\n\t\t\t\t\t<h2 class=\"elementor-heading-title elementor-size-default\">\ud83c\udf81\"Checklist: 100 Fugas de Energ\u00eda de la Mujer Emprendedora\"<\/h2>\t\t\t\t<\/div>\n\t\t\t\t<div class=\"elementor-element elementor-element-105b4eb elementor-widget elementor-widget-heading\" data-id=\"105b4eb\" data-element_type=\"widget\" data-widget_type=\"heading.default\">\n\t\t\t\t\t<h2 class=\"elementor-heading-title elementor-size-default\">\"Recibe gratis el checklist para empezar a cuidar tu salud mental y emocional.\"<\/h2>\t\t\t\t<\/div>\n\t\t\t\t<div class=\"elementor-element elementor-element-3da0c49 elementor-widget elementor-widget-image\" data-id=\"3da0c49\" data-element_type=\"widget\" data-widget_type=\"image.default\">\n\t\t\t\t\t\t\t\t\t\t\t\t\t\t\t<img fetchpriority=\"high\" decoding=\"async\" width=\"1024\" height=\"683\" src=\"https:\/\/naturopatiamujeres.com\/wp-content\/uploads\/2026\/03\/agotamiento-1024x683.jpg\" class=\"attachment-large size-large wp-image-5121\" alt=\"\" srcset=\"https:\/\/naturopatiamujeres.com\/wp-content\/uploads\/2026\/03\/agotamiento-1024x683.jpg 1024w, https:\/\/naturopatiamujeres.com\/wp-content\/uploads\/2026\/03\/agotamiento-300x200.jpg 300w, https:\/\/naturopatiamujeres.com\/wp-content\/uploads\/2026\/03\/agotamiento-768x512.jpg 768w, https:\/\/naturopatiamujeres.com\/wp-content\/uploads\/2026\/03\/agotamiento.jpg 1344w\" sizes=\"(max-width: 1024px) 100vw, 1024px\" \/>\t\t\t\t\t\t\t\t\t\t\t\t\t\t\t<\/div>\n\t\t\t\t<div class=\"elementor-element elementor-element-7789fd3 elementor-widget elementor-widget-text-editor\" data-id=\"7789fd3\" data-element_type=\"widget\" data-widget_type=\"text-editor.default\">\n\t\t\t\t\t\t\t\t\t<h3 data-path-to-node=\"3\">\ud83d\udce2 Mujer, \u00bfTu Sue\u00f1o es tu Motor o tu C\u00e1rcel? \u26d3\ufe0f<\/h3><p data-path-to-node=\"4\"><br \/>Como aut\u00f3noma o emprendedora, a menudo llevas el peso del mundo sobre tus hombros. Pero <b data-path-to-node=\"4\" data-index-in-node=\"88\">liderar un proyecto no deber\u00eda ser sin\u00f3nimo de perder tu salud.<\/b> La l\u00ednea que separa tu pasi\u00f3n de un negocio que agota tu energ\u00eda vital y desequilibra tus hormonas es peligrosamente delgada. Si no cuidas tu equilibrio mental, emocional y energ\u00e9tico, no solo sufrir\u00e1 tu facturaci\u00f3n; sufrir\u00e1 tu descanso, tu ciclo natural y tu paz interior.<\/p><p data-path-to-node=\"5\"><b data-path-to-node=\"5\" data-index-in-node=\"0\">No permitas que el \u00absiempre ocupada\u00bb apague tu luz y tu feminidad.<\/b><\/p><p data-path-to-node=\"6\">En <b data-path-to-node=\"6\" data-index-in-node=\"3\">Naturopat\u00eda Mujeres<\/b>, hemos identificado las fugas que te est\u00e1n robando la vida y el brillo.<\/p><h3 data-path-to-node=\"7\">\ud83c\udf81 UN REGALO PARA TU SOBERAN\u00cdA<\/h3><p data-path-to-node=\"8\">He preparado un recurso exclusivo para ti:<\/p><h5 data-path-to-node=\"9\"><b data-path-to-node=\"9\" data-index-in-node=\"0\">\u00abChecklist: 100 Fugas de Energ\u00eda de la Mujer Emprendedora\u00bb<\/b><\/h5><p data-path-to-node=\"10\">Una hoja de ruta dise\u00f1ada bajo una mirada hol\u00edstica, dividida en 10 \u00e1reas cr\u00edticas para que identifiques qu\u00e9 est\u00e1 agotando tu mente, tu cuerpo y tu negocio hoy mismo.<\/p><p data-path-to-node=\"11\"><b data-path-to-node=\"11\" data-index-in-node=\"0\">\u00bfC\u00f3mo recibirlo gratis en tu m\u00f3vil? <br \/>\ud83d\udcf2<\/b> Es muy sencillo. Haz clic abajo o env\u00eda un mensaje directo por WhatsApp:<\/p><p data-path-to-node=\"12\">1\ufe0f\u20e3 <b data-path-to-node=\"12\" data-index-in-node=\"4\">Haz clic aqu\u00ed:<\/b> <a href=\"https:\/\/wa.link\/od1ts6\">[ENLACE DIRECTO AL WHATSAPP]<\/a> <br \/>2\ufe0f\u20e3 <b data-path-to-node=\"12\" data-index-in-node=\"52\">Env\u00eda la palabra:<\/b> <b data-path-to-node=\"12\" data-index-in-node=\"70\">RESCATE<\/b> <br \/>3\ufe0f\u20e3 <b data-path-to-node=\"12\" data-index-in-node=\"82\">Recibe el PDF<\/b> y empieza a recuperar el mando de tu bienestar.<\/p><p data-path-to-node=\"13\"><b data-path-to-node=\"13\" data-index-in-node=\"0\">Invierte en tu salud hormonal, invierte en tu inteligencia emocional, invierte en TI.<\/b><\/p>\t\t\t\t\t\t\t\t<\/div>\n\t\t\t\t\t<\/div>\n\t\t\t\t<\/div>\n\t\t\t\t<\/div>\n\t\t","protected":false},"excerpt":{"rendered":"<p>\ud83c\udf81\u00bbChecklist: 100 Fugas de Energ\u00eda de la Mujer Emprendedora\u00bb \u00abRecibe gratis el checklist para empezar a cuidar tu salud mental y emocional.\u00bb \ud83d\udce2 Mujer, \u00bfTu Sue\u00f1o es tu Motor o tu C\u00e1rcel? \u26d3\ufe0f Como aut\u00f3noma o emprendedora, a menudo llevas el peso del mundo sobre tus hombros. Pero liderar un proyecto no deber\u00eda ser sin\u00f3nimo de perder tu salud. La l\u00ednea que separa tu pasi\u00f3n de un negocio que agota tu energ\u00eda vital y desequilibra tus hormonas es peligrosamente delgada. Si no cuidas tu equilibrio mental, emocional y energ\u00e9tico, no solo sufrir\u00e1 tu facturaci\u00f3n; sufrir\u00e1 tu descanso, tu ciclo natural y tu paz interior. No permitas que el \u00absiempre ocupada\u00bb apague tu luz y tu feminidad. En Naturopat\u00eda Mujeres, hemos identificado las fugas que te est\u00e1n robando la vida y el brillo. \ud83c\udf81 UN REGALO PARA TU SOBERAN\u00cdA He preparado un recurso exclusivo para ti: \u00abChecklist: 100 Fugas de Energ\u00eda de la Mujer Emprendedora\u00bb Una hoja de ruta dise\u00f1ada bajo una mirada hol\u00edstica, dividida en 10 \u00e1reas cr\u00edticas para que identifiques qu\u00e9 est\u00e1 agotando tu mente, tu cuerpo y tu negocio hoy mismo. \u00bfC\u00f3mo recibirlo gratis en tu m\u00f3vil? \ud83d\udcf2 Es muy sencillo. Haz clic abajo o env\u00eda un mensaje directo por WhatsApp: 1\ufe0f\u20e3 Haz clic aqu\u00ed: [ENLACE DIRECTO AL WHATSAPP] 2\ufe0f\u20e3 Env\u00eda la palabra: RESCATE 3\ufe0f\u20e3 Recibe el PDF y empieza a recuperar el mando de tu bienestar. Invierte en tu salud hormonal, invierte en tu inteligencia emocional, invierte en TI.<\/p>\n","protected":false},"author":1,"featured_media":0,"parent":0,"menu_order":0,"comment_status":"closed","ping_status":"closed","template":"elementor_header_footer","meta":{"site-sidebar-layout":"no-sidebar","site-content-layout":"","ast-site-content-layout":"full-width-container","site-content-style":"default","site-sidebar-style":"default","ast-global-header-display":"","ast-banner-title-visibility":"","ast-main-header-display":"","ast-hfb-above-header-display":"","ast-hfb-below-header-display":"","ast-hfb-mobile-header-display":"","site-post-title":"","ast-breadcrumbs-content":"","ast-featured-img":"disabled","footer-sml-layout":"","theme-transparent-header-meta":"","adv-header-id-meta":"","stick-header-meta":"","header-above-stick-meta":"","header-main-stick-meta":"","header-below-stick-meta":"","astra-migrate-meta-layouts":"default","ast-page-background-enabled":"default","ast-page-background-meta":{"desktop":{"background-color":"var(--ast-global-color-5)","background-image":"","background-repeat":"repeat","background-position":"center center","background-size":"auto","background-attachment":"scroll","background-type":"","background-media":"","overlay-type":"","overlay-color":"","overlay-opacity":"","overlay-gradient":""},"tablet":{"background-color":"","background-image":"","background-repeat":"repeat","background-position":"center center","background-size":"auto","background-attachment":"scroll","background-type":"","background-media":"","overlay-type":"","overlay-color":"","overlay-opacity":"","overlay-gradient":""},"mobile":{"background-color":"","background-image":"","background-repeat":"repeat","background-position":"center center","background-size":"auto","background-attachment":"scroll","background-type":"","background-media":"","overlay-type":"","overlay-color":"","overlay-opacity":"","overlay-gradient":""}},"ast-content-background-meta":{"desktop":{"background-color":"var(--ast-global-color-4)","background-image":"","background-repeat":"repeat","background-position":"center center","background-size":"auto","background-attachment":"scroll","background-type":"","background-media":"","overlay-type":"","overlay-color":"","overlay-opacity":"","overlay-gradient":""},"tablet":{"background-color":"var(--ast-global-color-4)","background-image":"","background-repeat":"repeat","background-position":"center center","background-size":"auto","background-attachment":"scroll","background-type":"","background-media":"","overlay-type":"","overlay-color":"","overlay-opacity":"","overlay-gradient":""},"mobile":{"background-color":"var(--ast-global-color-4)","background-image":"","background-repeat":"repeat","background-position":"center center","background-size":"auto","background-attachment":"scroll","background-type":"","background-media":"","overlay-type":"","overlay-color":"","overlay-opacity":"","overlay-gradient":""}},"_joinchat":[],"footnotes":""},"class_list":["post-5112","page","type-page","status-publish","hentry"],"yoast_head":"<!-- This site is optimized with the Yoast SEO plugin v27.3 - https:\/\/yoast.com\/product\/yoast-seo-wordpress\/ -->\n<title>Gratis - Naturopat\u00eda integrativa para mujeres en Espa\u00f1a, Coaching salud femenina<\/title>\n<meta name=\"description\" content=\"3 meses de coaching para adelgazar sin dietas, mejorar tu energ\u00eda, autoestima y h\u00e1bitos, logrando resultados sostenibles y naturales.\" \/>\n<meta name=\"robots\" content=\"noindex, follow, max-snippet:-1, max-image-preview:large, max-video-preview:-1\" \/>\n<meta property=\"og:locale\" content=\"es_ES\" \/>\n<meta property=\"og:type\" content=\"article\" \/>\n<meta property=\"og:title\" content=\"Gratis - Naturopat\u00eda integrativa para mujeres en Espa\u00f1a, Coaching salud femenina\" \/>\n<meta property=\"og:description\" content=\"3 meses de coaching para adelgazar sin dietas, mejorar tu energ\u00eda, autoestima y h\u00e1bitos, logrando resultados sostenibles y naturales.\" \/>\n<meta property=\"og:url\" content=\"https:\/\/naturopatiamujeres.com\/descarga-gratis\/\" \/>\n<meta property=\"og:site_name\" content=\"Naturopat\u00eda integrativa para mujeres en Espa\u00f1a, Coaching salud femenina\" \/>\n<meta property=\"article:modified_time\" content=\"2026-04-09T14:25:19+00:00\" \/>\n<meta property=\"og:image\" content=\"https:\/\/naturopatiamujeres.com\/wp-content\/uploads\/2026\/03\/agotamiento-1024x683.jpg\" \/>\n<meta name=\"twitter:card\" content=\"summary_large_image\" \/>\n<meta name=\"twitter:label1\" content=\"Tiempo de lectura\" \/>\n\t<meta name=\"twitter:data1\" content=\"3 minutos\" \/>\n<script type=\"application\/ld+json\" class=\"yoast-schema-graph\">{\"@context\":\"https:\\\/\\\/schema.org\",\"@graph\":[{\"@type\":\"WebPage\",\"@id\":\"https:\\\/\\\/naturopatiamujeres.com\\\/descarga-gratis\\\/\",\"url\":\"https:\\\/\\\/naturopatiamujeres.com\\\/descarga-gratis\\\/\",\"name\":\"Gratis - Naturopat\u00eda integrativa para mujeres en Espa\u00f1a, Coaching salud femenina\",\"isPartOf\":{\"@id\":\"https:\\\/\\\/naturopatiamujeres.com\\\/#website\"},\"primaryImageOfPage\":{\"@id\":\"https:\\\/\\\/naturopatiamujeres.com\\\/descarga-gratis\\\/#primaryimage\"},\"image\":{\"@id\":\"https:\\\/\\\/naturopatiamujeres.com\\\/descarga-gratis\\\/#primaryimage\"},\"thumbnailUrl\":\"https:\\\/\\\/naturopatiamujeres.com\\\/wp-content\\\/uploads\\\/2026\\\/03\\\/agotamiento-1024x683.jpg\",\"datePublished\":\"2023-03-16T14:34:18+00:00\",\"dateModified\":\"2026-04-09T14:25:19+00:00\",\"description\":\"3 meses de coaching para adelgazar sin dietas, mejorar tu energ\u00eda, autoestima y h\u00e1bitos, logrando resultados sostenibles y naturales.\",\"breadcrumb\":{\"@id\":\"https:\\\/\\\/naturopatiamujeres.com\\\/descarga-gratis\\\/#breadcrumb\"},\"inLanguage\":\"es\",\"potentialAction\":[{\"@type\":\"ReadAction\",\"target\":[\"https:\\\/\\\/naturopatiamujeres.com\\\/descarga-gratis\\\/\"]}]},{\"@type\":\"ImageObject\",\"inLanguage\":\"es\",\"@id\":\"https:\\\/\\\/naturopatiamujeres.com\\\/descarga-gratis\\\/#primaryimage\",\"url\":\"https:\\\/\\\/naturopatiamujeres.com\\\/wp-content\\\/uploads\\\/2026\\\/03\\\/agotamiento.jpg\",\"contentUrl\":\"https:\\\/\\\/naturopatiamujeres.com\\\/wp-content\\\/uploads\\\/2026\\\/03\\\/agotamiento.jpg\",\"width\":1344,\"height\":896},{\"@type\":\"BreadcrumbList\",\"@id\":\"https:\\\/\\\/naturopatiamujeres.com\\\/descarga-gratis\\\/#breadcrumb\",\"itemListElement\":[{\"@type\":\"ListItem\",\"position\":1,\"name\":\"Portada\",\"item\":\"https:\\\/\\\/naturopatiamujeres.com\\\/\"},{\"@type\":\"ListItem\",\"position\":2,\"name\":\"Gratis\"}]},{\"@type\":\"WebSite\",\"@id\":\"https:\\\/\\\/naturopatiamujeres.com\\\/#website\",\"url\":\"https:\\\/\\\/naturopatiamujeres.com\\\/\",\"name\":\"Naturopat\u00eda integrativa para mujeres en Espa\u00f1a, Coaching salud femenina\",\"description\":\"Naturopat\u00eda integrativa para mujeres en Espa\u00f1a, Coaching salud femenina\",\"potentialAction\":[{\"@type\":\"SearchAction\",\"target\":{\"@type\":\"EntryPoint\",\"urlTemplate\":\"https:\\\/\\\/naturopatiamujeres.com\\\/?s={search_term_string}\"},\"query-input\":{\"@type\":\"PropertyValueSpecification\",\"valueRequired\":true,\"valueName\":\"search_term_string\"}}],\"inLanguage\":\"es\"}]}<\/script>\n<!-- \/ Yoast SEO plugin. -->","yoast_head_json":{"title":"Gratis - Naturopat\u00eda integrativa para mujeres en Espa\u00f1a, Coaching salud femenina","description":"3 meses de coaching para adelgazar sin dietas, mejorar tu energ\u00eda, autoestima y h\u00e1bitos, logrando resultados sostenibles y naturales.","robots":{"index":"noindex","follow":"follow","max-snippet":"max-snippet:-1","max-image-preview":"max-image-preview:large","max-video-preview":"max-video-preview:-1"},"og_locale":"es_ES","og_type":"article","og_title":"Gratis - Naturopat\u00eda integrativa para mujeres en Espa\u00f1a, Coaching salud femenina","og_description":"3 meses de coaching para adelgazar sin dietas, mejorar tu energ\u00eda, autoestima y h\u00e1bitos, logrando resultados sostenibles y naturales.","og_url":"https:\/\/naturopatiamujeres.com\/descarga-gratis\/","og_site_name":"Naturopat\u00eda integrativa para mujeres en Espa\u00f1a, Coaching salud femenina","article_modified_time":"2026-04-09T14:25:19+00:00","og_image":[{"url":"https:\/\/naturopatiamujeres.com\/wp-content\/uploads\/2026\/03\/agotamiento-1024x683.jpg","type":"","width":"","height":""}],"twitter_card":"summary_large_image","twitter_misc":{"Tiempo de lectura":"3 minutos"},"schema":{"@context":"https:\/\/schema.org","@graph":[{"@type":"WebPage","@id":"https:\/\/naturopatiamujeres.com\/descarga-gratis\/","url":"https:\/\/naturopatiamujeres.com\/descarga-gratis\/","name":"Gratis - Naturopat\u00eda integrativa para mujeres en Espa\u00f1a, Coaching salud femenina","isPartOf":{"@id":"https:\/\/naturopatiamujeres.com\/#website"},"primaryImageOfPage":{"@id":"https:\/\/naturopatiamujeres.com\/descarga-gratis\/#primaryimage"},"image":{"@id":"https:\/\/naturopatiamujeres.com\/descarga-gratis\/#primaryimage"},"thumbnailUrl":"https:\/\/naturopatiamujeres.com\/wp-content\/uploads\/2026\/03\/agotamiento-1024x683.jpg","datePublished":"2023-03-16T14:34:18+00:00","dateModified":"2026-04-09T14:25:19+00:00","description":"3 meses de coaching para adelgazar sin dietas, mejorar tu energ\u00eda, autoestima y h\u00e1bitos, logrando resultados sostenibles y naturales.","breadcrumb":{"@id":"https:\/\/naturopatiamujeres.com\/descarga-gratis\/#breadcrumb"},"inLanguage":"es","potentialAction":[{"@type":"ReadAction","target":["https:\/\/naturopatiamujeres.com\/descarga-gratis\/"]}]},{"@type":"ImageObject","inLanguage":"es","@id":"https:\/\/naturopatiamujeres.com\/descarga-gratis\/#primaryimage","url":"https:\/\/naturopatiamujeres.com\/wp-content\/uploads\/2026\/03\/agotamiento.jpg","contentUrl":"https:\/\/naturopatiamujeres.com\/wp-content\/uploads\/2026\/03\/agotamiento.jpg","width":1344,"height":896},{"@type":"BreadcrumbList","@id":"https:\/\/naturopatiamujeres.com\/descarga-gratis\/#breadcrumb","itemListElement":[{"@type":"ListItem","position":1,"name":"Portada","item":"https:\/\/naturopatiamujeres.com\/"},{"@type":"ListItem","position":2,"name":"Gratis"}]},{"@type":"WebSite","@id":"https:\/\/naturopatiamujeres.com\/#website","url":"https:\/\/naturopatiamujeres.com\/","name":"Naturopat\u00eda integrativa para mujeres en Espa\u00f1a, Coaching salud femenina","description":"Naturopat\u00eda integrativa para mujeres en Espa\u00f1a, Coaching salud femenina","potentialAction":[{"@type":"SearchAction","target":{"@type":"EntryPoint","urlTemplate":"https:\/\/naturopatiamujeres.com\/?s={search_term_string}"},"query-input":{"@type":"PropertyValueSpecification","valueRequired":true,"valueName":"search_term_string"}}],"inLanguage":"es"}]}},"_links":{"self":[{"href":"https:\/\/naturopatiamujeres.com\/wp-json\/wp\/v2\/pages\/5112","targetHints":{"allow":["GET"]}}],"collection":[{"href":"https:\/\/naturopatiamujeres.com\/wp-json\/wp\/v2\/pages"}],"about":[{"href":"https:\/\/naturopatiamujeres.com\/wp-json\/wp\/v2\/types\/page"}],"author":[{"embeddable":true,"href":"https:\/\/naturopatiamujeres.com\/wp-json\/wp\/v2\/users\/1"}],"replies":[{"embeddable":true,"href":"https:\/\/naturopatiamujeres.com\/wp-json\/wp\/v2\/comments?post=5112"}],"version-history":[{"count":31,"href":"https:\/\/naturopatiamujeres.com\/wp-json\/wp\/v2\/pages\/5112\/revisions"}],"predecessor-version":[{"id":5440,"href":"https:\/\/naturopatiamujeres.com\/wp-json\/wp\/v2\/pages\/5112\/revisions\/5440"}],"wp:attachment":[{"href":"https:\/\/naturopatiamujeres.com\/wp-json\/wp\/v2\/media?parent=5112"}],"curies":[{"name":"wp","href":"https:\/\/api.w.org\/{rel}","templated":true}]}}